{"id":11290,"date":"2025-04-25T16:42:07","date_gmt":"2025-04-25T21:42:07","guid":{"rendered":"https:\/\/lysiecuador.com\/omega\/?post_type=product&#038;p=11290"},"modified":"2025-10-19T14:33:09","modified_gmt":"2025-10-19T19:33:09","slug":"capsulas-omega-3","status":"publish","type":"product","link":"https:\/\/lysiecuador.com\/omega\/product\/capsulas-omega-3\/","title":{"rendered":"C\u00e1psulas Omega 3"},"content":{"rendered":"<p>Las c\u00e1psulas masticables de Omega-3 para ni\u00f1os son una excelente manera de incorporar los beneficios del aceite de pescado y la vitamina D a la rutina diaria de su hijo.<\/p>\n<p>Estas c\u00e1psulas masticables tienen un agradable sabor a fruta, lo que las hace perfectas para ni\u00f1os y para quienes tienen dificultades para consumir c\u00e1psulas regulares o aceite de pescado l\u00edquido.<\/p>\n","protected":false},"excerpt":{"rendered":"<p>Las c\u00e1psulas masticables de Omega-3 para ni\u00f1os son una excelente manera de incorporar los beneficios del aceite de pescado y la vitamina D a la rutina diaria de su hijo. Estas c\u00e1psulas masticables tienen un agradable sabor a fruta, lo &hellip; <a href=\"https:\/\/lysiecuador.com\/omega\/product\/capsulas-omega-3\/\">Readmore<\/a><\/p>\n","protected":false},"featured_media":11292,"comment_status":"open","ping_status":"closed","template":"","meta":{"_joinchat":[]},"product_cat":[84],"product_tag":[126],"class_list":{"0":"post-11290","1":"product","2":"type-product","3":"status-publish","4":"has-post-thumbnail","6":"product_cat-pharmacy","7":"product_tag-omega-3","9":"first","10":"instock","11":"shipping-taxable","12":"purchasable","13":"product-type-variable"},"yoast_head":"<!-- This site is optimized with the Yoast SEO plugin v27.0 - https:\/\/yoast.com\/product\/yoast-seo-wordpress\/ -->\n<title>C\u00e1psulas Omega 3 - LysiEcuador<\/title>\n<meta name=\"robots\" content=\"index, follow, max-snippet:-1, max-image-preview:large, max-video-preview:-1\" \/>\n<link rel=\"canonical\" href=\"https:\/\/lysiecuador.com\/omega\/product\/capsulas-omega-3\/\" \/>\n<meta property=\"og:locale\" content=\"es_ES\" \/>\n<meta property=\"og:type\" content=\"article\" \/>\n<meta property=\"og:title\" content=\"C\u00e1psulas Omega 3 - LysiEcuador\" \/>\n<meta property=\"og:description\" content=\"Las c\u00e1psulas masticables de Omega-3 para ni\u00f1os son una excelente manera de incorporar los beneficios del aceite de pescado y la vitamina D a la rutina diaria de su hijo. Estas c\u00e1psulas masticables tienen un agradable sabor a fruta, lo &hellip; Readmore\" \/>\n<meta property=\"og:url\" content=\"https:\/\/lysiecuador.com\/omega\/product\/capsulas-omega-3\/\" \/>\n<meta property=\"og:site_name\" content=\"LysiEcuador\" \/>\n<meta property=\"article:publisher\" content=\"https:\/\/www.facebook.com\/people\/Lysiecuador\/100086731081008\/\" \/>\n<meta property=\"article:modified_time\" content=\"2025-10-19T19:33:09+00:00\" \/>\n<meta property=\"og:image\" content=\"https:\/\/lysiecuador.com\/omega\/wp-content\/uploads\/2025\/04\/producto-1.jpg\" \/>\n\t<meta property=\"og:image:width\" content=\"700\" \/>\n\t<meta property=\"og:image:height\" content=\"700\" \/>\n\t<meta property=\"og:image:type\" content=\"image\/jpeg\" \/>\n<meta name=\"twitter:card\" content=\"summary_large_image\" \/>\n<script type=\"application\/ld+json\" class=\"yoast-schema-graph\">{\"@context\":\"https:\/\/schema.org\",\"@graph\":[{\"@type\":\"WebPage\",\"@id\":\"https:\/\/lysiecuador.com\/omega\/product\/capsulas-omega-3\/\",\"url\":\"https:\/\/lysiecuador.com\/omega\/product\/capsulas-omega-3\/\",\"name\":\"C\u00e1psulas Omega 3 - LysiEcuador\",\"isPartOf\":{\"@id\":\"https:\/\/lysiecuador.com\/omega\/#website\"},\"primaryImageOfPage\":{\"@id\":\"https:\/\/lysiecuador.com\/omega\/product\/capsulas-omega-3\/#primaryimage\"},\"image\":{\"@id\":\"https:\/\/lysiecuador.com\/omega\/product\/capsulas-omega-3\/#primaryimage\"},\"thumbnailUrl\":\"https:\/\/lysiecuador.com\/omega\/wp-content\/uploads\/2025\/04\/producto-1.jpg\",\"datePublished\":\"2025-04-25T21:42:07+00:00\",\"dateModified\":\"2025-10-19T19:33:09+00:00\",\"breadcrumb\":{\"@id\":\"https:\/\/lysiecuador.com\/omega\/product\/capsulas-omega-3\/#breadcrumb\"},\"inLanguage\":\"es\",\"potentialAction\":[{\"@type\":\"ReadAction\",\"target\":[\"https:\/\/lysiecuador.com\/omega\/product\/capsulas-omega-3\/\"]}]},{\"@type\":\"ImageObject\",\"inLanguage\":\"es\",\"@id\":\"https:\/\/lysiecuador.com\/omega\/product\/capsulas-omega-3\/#primaryimage\",\"url\":\"https:\/\/lysiecuador.com\/omega\/wp-content\/uploads\/2025\/04\/producto-1.jpg\",\"contentUrl\":\"https:\/\/lysiecuador.com\/omega\/wp-content\/uploads\/2025\/04\/producto-1.jpg\",\"width\":700,\"height\":700},{\"@type\":\"BreadcrumbList\",\"@id\":\"https:\/\/lysiecuador.com\/omega\/product\/capsulas-omega-3\/#breadcrumb\",\"itemListElement\":[{\"@type\":\"ListItem\",\"position\":1,\"name\":\"Home\",\"item\":\"https:\/\/lysiecuador.com\/omega\/\"},{\"@type\":\"ListItem\",\"position\":2,\"name\":\"Shop\",\"item\":\"https:\/\/lysiecuador.com\/omega\/tienda\/\"},{\"@type\":\"ListItem\",\"position\":3,\"name\":\"C\u00e1psulas Omega 3\"}]},{\"@type\":\"WebSite\",\"@id\":\"https:\/\/lysiecuador.com\/omega\/#website\",\"url\":\"https:\/\/lysiecuador.com\/omega\/\",\"name\":\"Lysi Ecuador\",\"description\":\"\",\"publisher\":{\"@id\":\"https:\/\/lysiecuador.com\/omega\/#organization\"},\"potentialAction\":[{\"@type\":\"SearchAction\",\"target\":{\"@type\":\"EntryPoint\",\"urlTemplate\":\"https:\/\/lysiecuador.com\/omega\/?s={search_term_string}\"},\"query-input\":{\"@type\":\"PropertyValueSpecification\",\"valueRequired\":true,\"valueName\":\"search_term_string\"}}],\"inLanguage\":\"es\"},{\"@type\":\"Organization\",\"@id\":\"https:\/\/lysiecuador.com\/omega\/#organization\",\"name\":\"Lysi Ecuador\",\"url\":\"https:\/\/lysiecuador.com\/omega\/\",\"logo\":{\"@type\":\"ImageObject\",\"inLanguage\":\"es\",\"@id\":\"https:\/\/lysiecuador.com\/omega\/#\/schema\/logo\/image\/\",\"url\":\"https:\/\/lysiecuador.com\/omega\/wp-content\/uploads\/2025\/04\/logo-lysi-blue-e1745421966376.png\",\"contentUrl\":\"https:\/\/lysiecuador.com\/omega\/wp-content\/uploads\/2025\/04\/logo-lysi-blue-e1745421966376.png\",\"width\":100,\"height\":59,\"caption\":\"Lysi Ecuador\"},\"image\":{\"@id\":\"https:\/\/lysiecuador.com\/omega\/#\/schema\/logo\/image\/\"},\"sameAs\":[\"https:\/\/www.facebook.com\/people\/Lysiecuador\/100086731081008\/\",\"https:\/\/www.instagram.com\/lysi.ecuador\/\",\"https:\/\/www.tiktok.com\/@lysiecuador\"]}]}<\/script>\n<!-- \/ Yoast SEO plugin. -->","yoast_head_json":{"title":"C\u00e1psulas Omega 3 - LysiEcuador","robots":{"index":"index","follow":"follow","max-snippet":"max-snippet:-1","max-image-preview":"max-image-preview:large","max-video-preview":"max-video-preview:-1"},"canonical":"https:\/\/lysiecuador.com\/omega\/product\/capsulas-omega-3\/","og_locale":"es_ES","og_type":"article","og_title":"C\u00e1psulas Omega 3 - LysiEcuador","og_description":"Las c\u00e1psulas masticables de Omega-3 para ni\u00f1os son una excelente manera de incorporar los beneficios del aceite de pescado y la vitamina D a la rutina diaria de su hijo. Estas c\u00e1psulas masticables tienen un agradable sabor a fruta, lo &hellip; Readmore","og_url":"https:\/\/lysiecuador.com\/omega\/product\/capsulas-omega-3\/","og_site_name":"LysiEcuador","article_publisher":"https:\/\/www.facebook.com\/people\/Lysiecuador\/100086731081008\/","article_modified_time":"2025-10-19T19:33:09+00:00","og_image":[{"width":700,"height":700,"url":"https:\/\/lysiecuador.com\/omega\/wp-content\/uploads\/2025\/04\/producto-1.jpg","type":"image\/jpeg"}],"twitter_card":"summary_large_image","schema":{"@context":"https:\/\/schema.org","@graph":[{"@type":"WebPage","@id":"https:\/\/lysiecuador.com\/omega\/product\/capsulas-omega-3\/","url":"https:\/\/lysiecuador.com\/omega\/product\/capsulas-omega-3\/","name":"C\u00e1psulas Omega 3 - LysiEcuador","isPartOf":{"@id":"https:\/\/lysiecuador.com\/omega\/#website"},"primaryImageOfPage":{"@id":"https:\/\/lysiecuador.com\/omega\/product\/capsulas-omega-3\/#primaryimage"},"image":{"@id":"https:\/\/lysiecuador.com\/omega\/product\/capsulas-omega-3\/#primaryimage"},"thumbnailUrl":"https:\/\/lysiecuador.com\/omega\/wp-content\/uploads\/2025\/04\/producto-1.jpg","datePublished":"2025-04-25T21:42:07+00:00","dateModified":"2025-10-19T19:33:09+00:00","breadcrumb":{"@id":"https:\/\/lysiecuador.com\/omega\/product\/capsulas-omega-3\/#breadcrumb"},"inLanguage":"es","potentialAction":[{"@type":"ReadAction","target":["https:\/\/lysiecuador.com\/omega\/product\/capsulas-omega-3\/"]}]},{"@type":"ImageObject","inLanguage":"es","@id":"https:\/\/lysiecuador.com\/omega\/product\/capsulas-omega-3\/#primaryimage","url":"https:\/\/lysiecuador.com\/omega\/wp-content\/uploads\/2025\/04\/producto-1.jpg","contentUrl":"https:\/\/lysiecuador.com\/omega\/wp-content\/uploads\/2025\/04\/producto-1.jpg","width":700,"height":700},{"@type":"BreadcrumbList","@id":"https:\/\/lysiecuador.com\/omega\/product\/capsulas-omega-3\/#breadcrumb","itemListElement":[{"@type":"ListItem","position":1,"name":"Home","item":"https:\/\/lysiecuador.com\/omega\/"},{"@type":"ListItem","position":2,"name":"Shop","item":"https:\/\/lysiecuador.com\/omega\/tienda\/"},{"@type":"ListItem","position":3,"name":"C\u00e1psulas Omega 3"}]},{"@type":"WebSite","@id":"https:\/\/lysiecuador.com\/omega\/#website","url":"https:\/\/lysiecuador.com\/omega\/","name":"Lysi Ecuador","description":"","publisher":{"@id":"https:\/\/lysiecuador.com\/omega\/#organization"},"potentialAction":[{"@type":"SearchAction","target":{"@type":"EntryPoint","urlTemplate":"https:\/\/lysiecuador.com\/omega\/?s={search_term_string}"},"query-input":{"@type":"PropertyValueSpecification","valueRequired":true,"valueName":"search_term_string"}}],"inLanguage":"es"},{"@type":"Organization","@id":"https:\/\/lysiecuador.com\/omega\/#organization","name":"Lysi Ecuador","url":"https:\/\/lysiecuador.com\/omega\/","logo":{"@type":"ImageObject","inLanguage":"es","@id":"https:\/\/lysiecuador.com\/omega\/#\/schema\/logo\/image\/","url":"https:\/\/lysiecuador.com\/omega\/wp-content\/uploads\/2025\/04\/logo-lysi-blue-e1745421966376.png","contentUrl":"https:\/\/lysiecuador.com\/omega\/wp-content\/uploads\/2025\/04\/logo-lysi-blue-e1745421966376.png","width":100,"height":59,"caption":"Lysi Ecuador"},"image":{"@id":"https:\/\/lysiecuador.com\/omega\/#\/schema\/logo\/image\/"},"sameAs":["https:\/\/www.facebook.com\/people\/Lysiecuador\/100086731081008\/","https:\/\/www.instagram.com\/lysi.ecuador\/","https:\/\/www.tiktok.com\/@lysiecuador"]}]}},"_links":{"self":[{"href":"https:\/\/lysiecuador.com\/omega\/wp-json\/wp\/v2\/product\/11290","targetHints":{"allow":["GET"]}}],"collection":[{"href":"https:\/\/lysiecuador.com\/omega\/wp-json\/wp\/v2\/product"}],"about":[{"href":"https:\/\/lysiecuador.com\/omega\/wp-json\/wp\/v2\/types\/product"}],"replies":[{"embeddable":true,"href":"https:\/\/lysiecuador.com\/omega\/wp-json\/wp\/v2\/comments?post=11290"}],"version-history":[{"count":3,"href":"https:\/\/lysiecuador.com\/omega\/wp-json\/wp\/v2\/product\/11290\/revisions"}],"predecessor-version":[{"id":11453,"href":"https:\/\/lysiecuador.com\/omega\/wp-json\/wp\/v2\/product\/11290\/revisions\/11453"}],"wp:featuredmedia":[{"embeddable":true,"href":"https:\/\/lysiecuador.com\/omega\/wp-json\/wp\/v2\/media\/11292"}],"wp:attachment":[{"href":"https:\/\/lysiecuador.com\/omega\/wp-json\/wp\/v2\/media?parent=11290"}],"wp:term":[{"taxonomy":"product_cat","embeddable":true,"href":"https:\/\/lysiecuador.com\/omega\/wp-json\/wp\/v2\/product_cat?post=11290"},{"taxonomy":"product_tag","embeddable":true,"href":"https:\/\/lysiecuador.com\/omega\/wp-json\/wp\/v2\/product_tag?post=11290"}],"curies":[{"name":"wp","href":"https:\/\/api.w.org\/{rel}","templated":true}]}}