{"id":11463,"date":"2025-05-14T10:20:17","date_gmt":"2025-05-14T15:20:17","guid":{"rendered":"https:\/\/lysiecuador.com\/omega\/?page_id=11463"},"modified":"2025-05-14T10:43:02","modified_gmt":"2025-05-14T15:43:02","slug":"puntos-de-venta","status":"publish","type":"page","link":"https:\/\/lysiecuador.com\/omega\/puntos-de-venta\/","title":{"rendered":"Puntos de Venta"},"content":{"rendered":"\t\t<div data-elementor-type=\"wp-page\" data-elementor-id=\"11463\" class=\"elementor elementor-11463\" data-elementor-post-type=\"page\">\n\t\t\t\t\t\t<section class=\"elementor-section elementor-top-section elementor-element elementor-element-1057df1 elementor-section-boxed elementor-section-height-default elementor-section-height-default\" data-id=\"1057df1\" data-element_type=\"section\" data-e-type=\"section\">\n\t\t\t\t\t\t<div class=\"elementor-container elementor-column-gap-default\">\n\t\t\t\t\t<div class=\"elementor-column elementor-col-100 elementor-top-column elementor-element elementor-element-297c7f3\" data-id=\"297c7f3\" data-element_type=\"column\" data-e-type=\"column\">\n\t\t\t<div class=\"elementor-widget-wrap elementor-element-populated\">\n\t\t\t\t\t\t<section class=\"elementor-section elementor-inner-section elementor-element elementor-element-3629761 elementor-section-boxed elementor-section-height-default elementor-section-height-default\" data-id=\"3629761\" data-element_type=\"section\" data-e-type=\"section\" data-settings=\"{&quot;background_background&quot;:&quot;classic&quot;}\">\n\t\t\t\t\t\t<div class=\"elementor-container elementor-column-gap-default\">\n\t\t\t\t\t<div class=\"elementor-column elementor-col-33 elementor-inner-column elementor-element elementor-element-7746621\" data-id=\"7746621\" data-element_type=\"column\" data-e-type=\"column\" data-settings=\"{&quot;background_background&quot;:&quot;classic&quot;}\">\n\t\t\t<div class=\"elementor-widget-wrap elementor-element-populated\">\n\t\t\t\t\t\t<div class=\"elementor-element elementor-element-3549fad box-home3 elementor-position-top elementor-invisible elementor-widget elementor-widget-image-box\" data-id=\"3549fad\" data-element_type=\"widget\" data-e-type=\"widget\" data-settings=\"{&quot;motion_fx_motion_fx_scrolling&quot;:&quot;yes&quot;,&quot;motion_fx_devices&quot;:[&quot;desktop&quot;],&quot;_animation&quot;:&quot;fadeInRight&quot;,&quot;_animation_delay&quot;:200}\" data-widget_type=\"image-box.default\">\n\t\t\t\t<div class=\"elementor-widget-container\">\n\t\t\t\t\t<div class=\"elementor-image-box-wrapper\"><figure class=\"elementor-image-box-img\"><img decoding=\"async\" src=\"https:\/\/lysiecuador.com\/omega\/wp-content\/uploads\/2025\/05\/icon-pharmacy.png\" title=\"icon-pharmacy\" alt=\"icon-pharmacy\" loading=\"lazy\" \/><\/figure><div class=\"elementor-image-box-content\"><h3 class=\"elementor-image-box-title\">Farmarapid<\/h3><p class=\"elementor-image-box-description\">Frente a Cl\u00ednica Kennedy Policentro y frente Cl\u00ednica Kennedy Alborada<\/p><\/div><\/div>\t\t\t\t<\/div>\n\t\t\t\t<\/div>\n\t\t\t\t\t<\/div>\n\t\t<\/div>\n\t\t\t\t<div class=\"elementor-column elementor-col-33 elementor-inner-column elementor-element elementor-element-4ad7254\" data-id=\"4ad7254\" data-element_type=\"column\" data-e-type=\"column\" data-settings=\"{&quot;background_background&quot;:&quot;classic&quot;}\">\n\t\t\t<div class=\"elementor-widget-wrap elementor-element-populated\">\n\t\t\t\t\t\t<div class=\"elementor-element elementor-element-a82805e box-home3 elementor-position-top elementor-invisible elementor-widget elementor-widget-image-box\" data-id=\"a82805e\" data-element_type=\"widget\" data-e-type=\"widget\" data-settings=\"{&quot;motion_fx_motion_fx_scrolling&quot;:&quot;yes&quot;,&quot;motion_fx_devices&quot;:[&quot;desktop&quot;],&quot;_animation&quot;:&quot;fadeInRight&quot;,&quot;_animation_delay&quot;:300}\" data-widget_type=\"image-box.default\">\n\t\t\t\t<div class=\"elementor-widget-container\">\n\t\t\t\t\t<div class=\"elementor-image-box-wrapper\"><figure class=\"elementor-image-box-img\"><img decoding=\"async\" src=\"https:\/\/lysiecuador.com\/omega\/wp-content\/uploads\/2025\/05\/icon-pharmacy.png\" title=\"icon-pharmacy\" alt=\"icon-pharmacy\" loading=\"lazy\" \/><\/figure><div class=\"elementor-image-box-content\"><h3 class=\"elementor-image-box-title\">Disprodelsa<\/h3><p class=\"elementor-image-box-description\">Cdla. Kennedy frente al Centro Comercial Las Vitrinas\n<\/p><\/div><\/div>\t\t\t\t<\/div>\n\t\t\t\t<\/div>\n\t\t\t\t\t<\/div>\n\t\t<\/div>\n\t\t\t\t<div class=\"elementor-column elementor-col-33 elementor-inner-column elementor-element elementor-element-0b16666\" data-id=\"0b16666\" data-element_type=\"column\" data-e-type=\"column\" data-settings=\"{&quot;background_background&quot;:&quot;classic&quot;}\">\n\t\t\t<div class=\"elementor-widget-wrap elementor-element-populated\">\n\t\t\t\t\t\t<div class=\"elementor-element elementor-element-7bcb914 box-home3 elementor-position-top elementor-invisible elementor-widget elementor-widget-image-box\" data-id=\"7bcb914\" data-element_type=\"widget\" data-e-type=\"widget\" data-settings=\"{&quot;motion_fx_motion_fx_scrolling&quot;:&quot;yes&quot;,&quot;motion_fx_devices&quot;:[&quot;desktop&quot;],&quot;_animation&quot;:&quot;fadeInRight&quot;,&quot;_animation_delay&quot;:400}\" data-widget_type=\"image-box.default\">\n\t\t\t\t<div class=\"elementor-widget-container\">\n\t\t\t\t\t<div class=\"elementor-image-box-wrapper\"><figure class=\"elementor-image-box-img\"><img decoding=\"async\" src=\"https:\/\/lysiecuador.com\/omega\/wp-content\/uploads\/2025\/05\/icon-pharmacy.png\" title=\"icon-pharmacy\" alt=\"icon-pharmacy\" loading=\"lazy\" \/><\/figure><div class=\"elementor-image-box-content\"><h3 class=\"elementor-image-box-title\">Comfarpi<\/h3><p class=\"elementor-image-box-description\">Cdla. Kennedy y en el Centro Comercial la Torre en La Puntilla<\/p><\/div><\/div>\t\t\t\t<\/div>\n\t\t\t\t<\/div>\n\t\t\t\t\t<\/div>\n\t\t<\/div>\n\t\t\t\t\t<\/div>\n\t\t<\/section>\n\t\t\t\t<section class=\"elementor-section elementor-inner-section elementor-element elementor-element-1c9f446 elementor-section-boxed elementor-section-height-default elementor-section-height-default\" data-id=\"1c9f446\" data-element_type=\"section\" data-e-type=\"section\" data-settings=\"{&quot;background_background&quot;:&quot;classic&quot;}\">\n\t\t\t\t\t\t<div class=\"elementor-container elementor-column-gap-default\">\n\t\t\t\t\t<div class=\"elementor-column elementor-col-33 elementor-inner-column elementor-element elementor-element-7a26c4b\" data-id=\"7a26c4b\" data-element_type=\"column\" data-e-type=\"column\" data-settings=\"{&quot;background_background&quot;:&quot;classic&quot;}\">\n\t\t\t<div class=\"elementor-widget-wrap elementor-element-populated\">\n\t\t\t\t\t\t<div class=\"elementor-element elementor-element-9a28e82 box-home3 elementor-position-top elementor-invisible elementor-widget elementor-widget-image-box\" data-id=\"9a28e82\" data-element_type=\"widget\" data-e-type=\"widget\" data-settings=\"{&quot;motion_fx_motion_fx_scrolling&quot;:&quot;yes&quot;,&quot;motion_fx_devices&quot;:[&quot;desktop&quot;],&quot;_animation&quot;:&quot;fadeInRight&quot;,&quot;_animation_delay&quot;:200}\" data-widget_type=\"image-box.default\">\n\t\t\t\t<div class=\"elementor-widget-container\">\n\t\t\t\t\t<div class=\"elementor-image-box-wrapper\"><figure class=\"elementor-image-box-img\"><img decoding=\"async\" src=\"https:\/\/lysiecuador.com\/omega\/wp-content\/uploads\/2025\/05\/icon-pharmacy.png\" title=\"icon-pharmacy\" alt=\"icon-pharmacy\" loading=\"lazy\" \/><\/figure><div class=\"elementor-image-box-content\"><h3 class=\"elementor-image-box-title\">C\u00e1psula Natural<\/h3><p class=\"elementor-image-box-description\">Centro Comercial Garzocentro y Samborond\u00f3n Plaza\n<\/p><\/div><\/div>\t\t\t\t<\/div>\n\t\t\t\t<\/div>\n\t\t\t\t\t<\/div>\n\t\t<\/div>\n\t\t\t\t<div class=\"elementor-column elementor-col-33 elementor-inner-column elementor-element elementor-element-c5f0501\" data-id=\"c5f0501\" data-element_type=\"column\" data-e-type=\"column\" data-settings=\"{&quot;background_background&quot;:&quot;classic&quot;}\">\n\t\t\t<div class=\"elementor-widget-wrap elementor-element-populated\">\n\t\t\t\t\t\t<div class=\"elementor-element elementor-element-133cc7a box-home3 elementor-position-top elementor-invisible elementor-widget elementor-widget-image-box\" data-id=\"133cc7a\" data-element_type=\"widget\" data-e-type=\"widget\" data-settings=\"{&quot;motion_fx_motion_fx_scrolling&quot;:&quot;yes&quot;,&quot;motion_fx_devices&quot;:[&quot;desktop&quot;],&quot;_animation&quot;:&quot;fadeInRight&quot;,&quot;_animation_delay&quot;:300}\" data-widget_type=\"image-box.default\">\n\t\t\t\t<div class=\"elementor-widget-container\">\n\t\t\t\t\t<div class=\"elementor-image-box-wrapper\"><figure class=\"elementor-image-box-img\"><img decoding=\"async\" src=\"https:\/\/lysiecuador.com\/omega\/wp-content\/uploads\/2025\/05\/icon-pharmacy.png\" title=\"icon-pharmacy\" alt=\"icon-pharmacy\" loading=\"lazy\" \/><\/figure><div class=\"elementor-image-box-content\"><h3 class=\"elementor-image-box-title\">Toque de Naturaleza<\/h3><p class=\"elementor-image-box-description\">Urdesa, Centro Comercial Plaza Tri\u00e1ngulo )\n<\/p><\/div><\/div>\t\t\t\t<\/div>\n\t\t\t\t<\/div>\n\t\t\t\t\t<\/div>\n\t\t<\/div>\n\t\t\t\t<div class=\"elementor-column elementor-col-33 elementor-inner-column elementor-element elementor-element-5fdcd52\" data-id=\"5fdcd52\" data-element_type=\"column\" data-e-type=\"column\" data-settings=\"{&quot;background_background&quot;:&quot;classic&quot;}\">\n\t\t\t<div class=\"elementor-widget-wrap elementor-element-populated\">\n\t\t\t\t\t\t<div class=\"elementor-element elementor-element-7559c45 box-home3 elementor-position-top elementor-invisible elementor-widget elementor-widget-image-box\" data-id=\"7559c45\" data-element_type=\"widget\" data-e-type=\"widget\" data-settings=\"{&quot;motion_fx_motion_fx_scrolling&quot;:&quot;yes&quot;,&quot;motion_fx_devices&quot;:[&quot;desktop&quot;],&quot;_animation&quot;:&quot;fadeInRight&quot;,&quot;_animation_delay&quot;:400}\" data-widget_type=\"image-box.default\">\n\t\t\t\t<div class=\"elementor-widget-container\">\n\t\t\t\t\t<div class=\"elementor-image-box-wrapper\"><figure class=\"elementor-image-box-img\"><img decoding=\"async\" src=\"https:\/\/lysiecuador.com\/omega\/wp-content\/uploads\/2025\/05\/icon-pharmacy.png\" title=\"icon-pharmacy\" alt=\"icon-pharmacy\" loading=\"lazy\" \/><\/figure><div class=\"elementor-image-box-content\"><h3 class=\"elementor-image-box-title\">Isla Mir Baby<\/h3><p class=\"elementor-image-box-description\">Centro Comercial Mall del Sol frente a Bebemundo\n<\/p><\/div><\/div>\t\t\t\t<\/div>\n\t\t\t\t<\/div>\n\t\t\t\t\t<\/div>\n\t\t<\/div>\n\t\t\t\t\t<\/div>\n\t\t<\/section>\n\t\t\t\t<section class=\"elementor-section elementor-inner-section elementor-element elementor-element-c8ed8f4 elementor-section-boxed elementor-section-height-default elementor-section-height-default\" data-id=\"c8ed8f4\" data-element_type=\"section\" data-e-type=\"section\" data-settings=\"{&quot;background_background&quot;:&quot;classic&quot;}\">\n\t\t\t\t\t\t<div class=\"elementor-container elementor-column-gap-default\">\n\t\t\t\t\t<div class=\"elementor-column elementor-col-100 elementor-inner-column elementor-element elementor-element-ed5e9fa\" data-id=\"ed5e9fa\" data-element_type=\"column\" data-e-type=\"column\" data-settings=\"{&quot;background_background&quot;:&quot;classic&quot;}\">\n\t\t\t<div class=\"elementor-widget-wrap elementor-element-populated\">\n\t\t\t\t\t\t<div class=\"elementor-element elementor-element-c943254 box-home3 elementor-position-top elementor-invisible elementor-widget elementor-widget-image-box\" data-id=\"c943254\" data-element_type=\"widget\" data-e-type=\"widget\" data-settings=\"{&quot;motion_fx_motion_fx_scrolling&quot;:&quot;yes&quot;,&quot;motion_fx_devices&quot;:[&quot;desktop&quot;],&quot;_animation&quot;:&quot;fadeInRight&quot;,&quot;_animation_delay&quot;:200}\" data-widget_type=\"image-box.default\">\n\t\t\t\t<div class=\"elementor-widget-container\">\n\t\t\t\t\t<div class=\"elementor-image-box-wrapper\"><figure class=\"elementor-image-box-img\"><img decoding=\"async\" src=\"https:\/\/lysiecuador.com\/omega\/wp-content\/uploads\/2025\/05\/icon-pharmacy.png\" title=\"icon-pharmacy\" alt=\"icon-pharmacy\" loading=\"lazy\" \/><\/figure><div class=\"elementor-image-box-content\"><h3 class=\"elementor-image-box-title\">Or\u00edgenes Healthy Market<\/h3><p class=\"elementor-image-box-description\">V\u00eda a la costa y V\u00eda Samborond\u00f3n<\/p><\/div><\/div>\t\t\t\t<\/div>\n\t\t\t\t<\/div>\n\t\t\t\t\t<\/div>\n\t\t<\/div>\n\t\t\t\t\t<\/div>\n\t\t<\/section>\n\t\t\t\t\t<\/div>\n\t\t<\/div>\n\t\t\t\t\t<\/div>\n\t\t<\/section>\n\t\t\t\t<\/div>\n\t\t","protected":false},"excerpt":{"rendered":"<p>Farmarapid Frente a Cl\u00ednica Kennedy Policentro y frente Cl\u00ednica Kennedy Alborada Disprodelsa Cdla. Kennedy frente al Centro Comercial Las Vitrinas Comfarpi Cdla. Kennedy y en el Centro Comercial la Torre en La Puntilla C\u00e1psula Natural Centro Comercial Garzocentro y Samborond\u00f3n &hellip; <a href=\"https:\/\/lysiecuador.com\/omega\/puntos-de-venta\/\">Readmore<\/a><\/p>\n","protected":false},"author":1,"featured_media":0,"parent":0,"menu_order":0,"comment_status":"closed","ping_status":"closed","template":"page-full.php","meta":{"_joinchat":[],"footnotes":""},"class_list":["post-11463","page","type-page","status-publish","hentry"],"yoast_head":"<!-- This site is optimized with the Yoast SEO plugin v27.0 - https:\/\/yoast.com\/product\/yoast-seo-wordpress\/ -->\n<title>Puntos de Venta - LysiEcuador<\/title>\n<meta name=\"robots\" content=\"index, follow, max-snippet:-1, max-image-preview:large, max-video-preview:-1\" \/>\n<link rel=\"canonical\" href=\"https:\/\/lysiecuador.com\/omega\/puntos-de-venta\/\" \/>\n<meta property=\"og:locale\" content=\"es_ES\" \/>\n<meta property=\"og:type\" content=\"article\" \/>\n<meta property=\"og:title\" content=\"Puntos de Venta - LysiEcuador\" \/>\n<meta property=\"og:description\" content=\"Farmarapid Frente a Cl\u00ednica Kennedy Policentro y frente Cl\u00ednica Kennedy Alborada Disprodelsa Cdla. Kennedy frente al Centro Comercial Las Vitrinas Comfarpi Cdla. Kennedy y en el Centro Comercial la Torre en La Puntilla C\u00e1psula Natural Centro Comercial Garzocentro y Samborond\u00f3n &hellip; Readmore\" \/>\n<meta property=\"og:url\" content=\"https:\/\/lysiecuador.com\/omega\/puntos-de-venta\/\" \/>\n<meta property=\"og:site_name\" content=\"LysiEcuador\" \/>\n<meta property=\"article:publisher\" content=\"https:\/\/www.facebook.com\/people\/Lysiecuador\/100086731081008\/\" \/>\n<meta property=\"article:modified_time\" content=\"2025-05-14T15:43:02+00:00\" \/>\n<meta property=\"og:image\" content=\"https:\/\/lysiecuador.com\/omega\/wp-content\/uploads\/2025\/05\/icon-pharmacy.png\" \/>\n<meta name=\"twitter:card\" content=\"summary_large_image\" \/>\n<meta name=\"twitter:label1\" content=\"Tiempo de lectura\" \/>\n\t<meta name=\"twitter:data1\" content=\"14 minutos\" \/>\n<script type=\"application\/ld+json\" class=\"yoast-schema-graph\">{\"@context\":\"https:\/\/schema.org\",\"@graph\":[{\"@type\":\"WebPage\",\"@id\":\"https:\/\/lysiecuador.com\/omega\/puntos-de-venta\/\",\"url\":\"https:\/\/lysiecuador.com\/omega\/puntos-de-venta\/\",\"name\":\"Puntos de Venta - LysiEcuador\",\"isPartOf\":{\"@id\":\"https:\/\/lysiecuador.com\/omega\/#website\"},\"primaryImageOfPage\":{\"@id\":\"https:\/\/lysiecuador.com\/omega\/puntos-de-venta\/#primaryimage\"},\"image\":{\"@id\":\"https:\/\/lysiecuador.com\/omega\/puntos-de-venta\/#primaryimage\"},\"thumbnailUrl\":\"https:\/\/lysiecuador.com\/omega\/wp-content\/uploads\/2025\/05\/icon-pharmacy.png\",\"datePublished\":\"2025-05-14T15:20:17+00:00\",\"dateModified\":\"2025-05-14T15:43:02+00:00\",\"breadcrumb\":{\"@id\":\"https:\/\/lysiecuador.com\/omega\/puntos-de-venta\/#breadcrumb\"},\"inLanguage\":\"es\",\"potentialAction\":[{\"@type\":\"ReadAction\",\"target\":[\"https:\/\/lysiecuador.com\/omega\/puntos-de-venta\/\"]}]},{\"@type\":\"ImageObject\",\"inLanguage\":\"es\",\"@id\":\"https:\/\/lysiecuador.com\/omega\/puntos-de-venta\/#primaryimage\",\"url\":\"https:\/\/lysiecuador.com\/omega\/wp-content\/uploads\/2025\/05\/icon-pharmacy.png\",\"contentUrl\":\"https:\/\/lysiecuador.com\/omega\/wp-content\/uploads\/2025\/05\/icon-pharmacy.png\",\"width\":80,\"height\":80},{\"@type\":\"BreadcrumbList\",\"@id\":\"https:\/\/lysiecuador.com\/omega\/puntos-de-venta\/#breadcrumb\",\"itemListElement\":[{\"@type\":\"ListItem\",\"position\":1,\"name\":\"Home\",\"item\":\"https:\/\/lysiecuador.com\/omega\/\"},{\"@type\":\"ListItem\",\"position\":2,\"name\":\"Puntos de Venta\"}]},{\"@type\":\"WebSite\",\"@id\":\"https:\/\/lysiecuador.com\/omega\/#website\",\"url\":\"https:\/\/lysiecuador.com\/omega\/\",\"name\":\"Lysi Ecuador\",\"description\":\"\",\"publisher\":{\"@id\":\"https:\/\/lysiecuador.com\/omega\/#organization\"},\"potentialAction\":[{\"@type\":\"SearchAction\",\"target\":{\"@type\":\"EntryPoint\",\"urlTemplate\":\"https:\/\/lysiecuador.com\/omega\/?s={search_term_string}\"},\"query-input\":{\"@type\":\"PropertyValueSpecification\",\"valueRequired\":true,\"valueName\":\"search_term_string\"}}],\"inLanguage\":\"es\"},{\"@type\":\"Organization\",\"@id\":\"https:\/\/lysiecuador.com\/omega\/#organization\",\"name\":\"Lysi Ecuador\",\"url\":\"https:\/\/lysiecuador.com\/omega\/\",\"logo\":{\"@type\":\"ImageObject\",\"inLanguage\":\"es\",\"@id\":\"https:\/\/lysiecuador.com\/omega\/#\/schema\/logo\/image\/\",\"url\":\"https:\/\/lysiecuador.com\/omega\/wp-content\/uploads\/2025\/04\/logo-lysi-blue-e1745421966376.png\",\"contentUrl\":\"https:\/\/lysiecuador.com\/omega\/wp-content\/uploads\/2025\/04\/logo-lysi-blue-e1745421966376.png\",\"width\":100,\"height\":59,\"caption\":\"Lysi Ecuador\"},\"image\":{\"@id\":\"https:\/\/lysiecuador.com\/omega\/#\/schema\/logo\/image\/\"},\"sameAs\":[\"https:\/\/www.facebook.com\/people\/Lysiecuador\/100086731081008\/\",\"https:\/\/www.instagram.com\/lysi.ecuador\/\",\"https:\/\/www.tiktok.com\/@lysiecuador\"]}]}<\/script>\n<!-- \/ Yoast SEO plugin. -->","yoast_head_json":{"title":"Puntos de Venta - LysiEcuador","robots":{"index":"index","follow":"follow","max-snippet":"max-snippet:-1","max-image-preview":"max-image-preview:large","max-video-preview":"max-video-preview:-1"},"canonical":"https:\/\/lysiecuador.com\/omega\/puntos-de-venta\/","og_locale":"es_ES","og_type":"article","og_title":"Puntos de Venta - LysiEcuador","og_description":"Farmarapid Frente a Cl\u00ednica Kennedy Policentro y frente Cl\u00ednica Kennedy Alborada Disprodelsa Cdla. Kennedy frente al Centro Comercial Las Vitrinas Comfarpi Cdla. Kennedy y en el Centro Comercial la Torre en La Puntilla C\u00e1psula Natural Centro Comercial Garzocentro y Samborond\u00f3n &hellip; Readmore","og_url":"https:\/\/lysiecuador.com\/omega\/puntos-de-venta\/","og_site_name":"LysiEcuador","article_publisher":"https:\/\/www.facebook.com\/people\/Lysiecuador\/100086731081008\/","article_modified_time":"2025-05-14T15:43:02+00:00","og_image":[{"url":"https:\/\/lysiecuador.com\/omega\/wp-content\/uploads\/2025\/05\/icon-pharmacy.png","type":"","width":"","height":""}],"twitter_card":"summary_large_image","twitter_misc":{"Tiempo de lectura":"14 minutos"},"schema":{"@context":"https:\/\/schema.org","@graph":[{"@type":"WebPage","@id":"https:\/\/lysiecuador.com\/omega\/puntos-de-venta\/","url":"https:\/\/lysiecuador.com\/omega\/puntos-de-venta\/","name":"Puntos de Venta - LysiEcuador","isPartOf":{"@id":"https:\/\/lysiecuador.com\/omega\/#website"},"primaryImageOfPage":{"@id":"https:\/\/lysiecuador.com\/omega\/puntos-de-venta\/#primaryimage"},"image":{"@id":"https:\/\/lysiecuador.com\/omega\/puntos-de-venta\/#primaryimage"},"thumbnailUrl":"https:\/\/lysiecuador.com\/omega\/wp-content\/uploads\/2025\/05\/icon-pharmacy.png","datePublished":"2025-05-14T15:20:17+00:00","dateModified":"2025-05-14T15:43:02+00:00","breadcrumb":{"@id":"https:\/\/lysiecuador.com\/omega\/puntos-de-venta\/#breadcrumb"},"inLanguage":"es","potentialAction":[{"@type":"ReadAction","target":["https:\/\/lysiecuador.com\/omega\/puntos-de-venta\/"]}]},{"@type":"ImageObject","inLanguage":"es","@id":"https:\/\/lysiecuador.com\/omega\/puntos-de-venta\/#primaryimage","url":"https:\/\/lysiecuador.com\/omega\/wp-content\/uploads\/2025\/05\/icon-pharmacy.png","contentUrl":"https:\/\/lysiecuador.com\/omega\/wp-content\/uploads\/2025\/05\/icon-pharmacy.png","width":80,"height":80},{"@type":"BreadcrumbList","@id":"https:\/\/lysiecuador.com\/omega\/puntos-de-venta\/#breadcrumb","itemListElement":[{"@type":"ListItem","position":1,"name":"Home","item":"https:\/\/lysiecuador.com\/omega\/"},{"@type":"ListItem","position":2,"name":"Puntos de Venta"}]},{"@type":"WebSite","@id":"https:\/\/lysiecuador.com\/omega\/#website","url":"https:\/\/lysiecuador.com\/omega\/","name":"Lysi Ecuador","description":"","publisher":{"@id":"https:\/\/lysiecuador.com\/omega\/#organization"},"potentialAction":[{"@type":"SearchAction","target":{"@type":"EntryPoint","urlTemplate":"https:\/\/lysiecuador.com\/omega\/?s={search_term_string}"},"query-input":{"@type":"PropertyValueSpecification","valueRequired":true,"valueName":"search_term_string"}}],"inLanguage":"es"},{"@type":"Organization","@id":"https:\/\/lysiecuador.com\/omega\/#organization","name":"Lysi Ecuador","url":"https:\/\/lysiecuador.com\/omega\/","logo":{"@type":"ImageObject","inLanguage":"es","@id":"https:\/\/lysiecuador.com\/omega\/#\/schema\/logo\/image\/","url":"https:\/\/lysiecuador.com\/omega\/wp-content\/uploads\/2025\/04\/logo-lysi-blue-e1745421966376.png","contentUrl":"https:\/\/lysiecuador.com\/omega\/wp-content\/uploads\/2025\/04\/logo-lysi-blue-e1745421966376.png","width":100,"height":59,"caption":"Lysi Ecuador"},"image":{"@id":"https:\/\/lysiecuador.com\/omega\/#\/schema\/logo\/image\/"},"sameAs":["https:\/\/www.facebook.com\/people\/Lysiecuador\/100086731081008\/","https:\/\/www.instagram.com\/lysi.ecuador\/","https:\/\/www.tiktok.com\/@lysiecuador"]}]}},"_links":{"self":[{"href":"https:\/\/lysiecuador.com\/omega\/wp-json\/wp\/v2\/pages\/11463","targetHints":{"allow":["GET"]}}],"collection":[{"href":"https:\/\/lysiecuador.com\/omega\/wp-json\/wp\/v2\/pages"}],"about":[{"href":"https:\/\/lysiecuador.com\/omega\/wp-json\/wp\/v2\/types\/page"}],"author":[{"embeddable":true,"href":"https:\/\/lysiecuador.com\/omega\/wp-json\/wp\/v2\/users\/1"}],"replies":[{"embeddable":true,"href":"https:\/\/lysiecuador.com\/omega\/wp-json\/wp\/v2\/comments?post=11463"}],"version-history":[{"count":37,"href":"https:\/\/lysiecuador.com\/omega\/wp-json\/wp\/v2\/pages\/11463\/revisions"}],"predecessor-version":[{"id":11503,"href":"https:\/\/lysiecuador.com\/omega\/wp-json\/wp\/v2\/pages\/11463\/revisions\/11503"}],"wp:attachment":[{"href":"https:\/\/lysiecuador.com\/omega\/wp-json\/wp\/v2\/media?parent=11463"}],"curies":[{"name":"wp","href":"https:\/\/api.w.org\/{rel}","templated":true}]}}